{"id":2,"date":"2024-12-19T16:16:08","date_gmt":"2024-12-19T16:16:08","guid":{"rendered":"https:\/\/www.associazioneliberaassociates.it\/?page_id=2"},"modified":"2025-09-28T08:37:09","modified_gmt":"2025-09-28T07:37:09","slug":"ala","status":"publish","type":"page","link":"https:\/\/www.associazioneliberaassociates.it\/","title":{"rendered":"Home"},"content":{"rendered":"<div class=\"gb-container gb-container-b3e1cd27\">\n\n<figure class=\"gb-block-image gb-block-image-ba2976df\"><img loading=\"lazy\" decoding=\"async\" width=\"980\" height=\"431\" class=\"gb-image gb-image-ba2976df\" src=\"https:\/\/www.associazioneliberaassociates.it\/wp-content\/uploads\/2025\/02\/ALA_Homepage_Banner.png\" alt=\"A.L.A. - Homepage Banner\" title=\"ALA_Homepage_Banner\" srcset=\"https:\/\/www.associazioneliberaassociates.it\/wp-content\/uploads\/2025\/02\/ALA_Homepage_Banner.png 980w, https:\/\/www.associazioneliberaassociates.it\/wp-content\/uploads\/2025\/02\/ALA_Homepage_Banner-300x132.png 300w, https:\/\/www.associazioneliberaassociates.it\/wp-content\/uploads\/2025\/02\/ALA_Homepage_Banner-768x338.png 768w\" sizes=\"auto, (max-width: 980px) 100vw, 980px\" \/><\/figure>\n\n<\/div>\n\n<div class=\"gb-container gb-container-b0aa1571\">\n<div class=\"gb-container gb-container-594527ba\">\n\n<h2 class=\"gb-headline gb-headline-af4e7c4f gb-headline-text\">Cos&#8217;\u00e8 A.L.A.<\/h2>\n\n\n\n<p class=\"gb-headline gb-headline-75e47b14 gb-headline-text\">A.L.A. \u00e8 un&#8217;organizzazione sindacale nata dalla volont\u00e0 dei lavoratori di Amazon in Piemonte. Legalmente costituita, si distingue per essere un&#8217;organizzazione creata dai lavoratori, libera da vincoli e timori reverenziali. I soci fondatori, forti di esperienze pregresse in altre organizzazioni sindacali, hanno voluto creare uno spazio dove i lavoratori potessero far sentire la propria voce senza timori, con la consapevolezza di confrontarsi con un colosso come Amazon, ma con la ferma convinzione di agire esclusivamente nell&#8217;interesse dei lavoratori.<\/p>\n\n\n\n<h2 class=\"gb-headline gb-headline-541ebfc4 gb-headline-text\">Gli Obiettivi dell&#8217;Associazione<\/h2>\n\n\n\n<ul class=\"wp-block-list\">\n<li class=\"has-medium-font-size\"><strong>Miglioramento delle condizioni di lavoro e di vita:<\/strong> A.L.A. si batte per migliorare le condizioni di lavoro e di vita dei lavoratori del comparto Amazon, sia all&#8217;interno dei magazzini che per i drivers.<\/li>\n\n\n\n<li class=\"has-medium-font-size\"><strong>Rispetto delle regole e delle persone:<\/strong> A.L.A. vigila affinch\u00e9 l&#8217;azienda rispetti le regole e i diritti dei lavoratori, promuovendo un ambiente di lavoro dignitoso e rispettoso.<\/li>\n\n\n\n<li class=\"has-medium-font-size\"><strong>Tavolo di confronto paritario:<\/strong> A.L.A. si impegna per l&#8217;istituzione di un tavolo di confronto tra azienda e lavoratori, con una rappresentanza effettiva dei lavoratori che operano quotidianamente nelle strutture Amazon e che ne conoscano le dinamiche.<\/li>\n\n\n\n<li class=\"has-medium-font-size\"><strong>Un sindacato unitario e nazionale:<\/strong> A.L.A. aspira alla creazione di un sindacato realmente a favore dei lavoratori, unitario, intercategoriale e nazionale, capace di tutelare i diritti di tutti i lavoratori, indipendentemente dal settore o dalla categoria.<\/li>\n\n\n\n<li class=\"has-medium-font-size\"><strong>Coordinamento tra esperienze sindacali:<\/strong> A.L.A. promuove il collegamento informativo, organizzativo e di coordinamento tra le diverse esperienze sindacali presenti all&#8217;interno delle strutture di Amazon, favorendo la collaborazione e la sinergia tra le diverse realt\u00e0.<\/li>\n<\/ul>\n\n\n\n<h2 class=\"gb-headline gb-headline-94725b12 gb-headline-text\">Insieme ad A.L.A. per un Futuro Migliore<\/h2>\n\n\n\n<p class=\"gb-headline gb-headline-3539c53d gb-headline-text\">Rappresentiamo un punto di riferimento per i lavoratori di Amazon che desiderano far sentire la propria voce e contribuire a costruire un ambiente di lavoro pi\u00f9 giusto e rispettoso.<\/p>\n\n<\/div>\n<\/div>\n\n<div class=\"gb-container gb-container-30cc8ab0\">\n<div class=\"gb-container gb-container-9ede78f6\">\n<div class=\"gb-grid-wrapper gb-grid-wrapper-5ca1791a\">\n<div class=\"gb-grid-column gb-grid-column-77c349e0\"><div class=\"gb-container gb-container-77c349e0\">\n\n<h2 class=\"gb-headline gb-headline-cb43dc07 gb-headline-text\">La nostra Segreteria<\/h2>\n\n\n\n<p class=\"gb-headline gb-headline-86719e6c gb-headline-text\">Per qualsiasi informazione o richiesta, la nostra Segreteria \u00e8 a tua disposizione. Contattaci!<\/p>\n\n<\/div><\/div>\n\n<div class=\"gb-grid-column gb-grid-column-77832a38\"><div class=\"gb-container gb-container-77832a38\">\n\n<a class=\"gb-button gb-button-25a74c7d gb-button-text\" href=\"https:\/\/www.associazioneliberaassociates.it\/index.php\/contatti\/\"><strong>Contatti<\/strong><\/a>\n\n<\/div><\/div>\n<\/div>\n<\/div>\n<\/div>","protected":false},"excerpt":{"rendered":"<p>Cos&#8217;\u00e8 A.L.A. A.L.A. \u00e8 un&#8217;organizzazione sindacale nata dalla volont\u00e0 dei lavoratori di Amazon in Piemonte. Legalmente costituita, si distingue per essere un&#8217;organizzazione creata dai lavoratori, libera da vincoli e timori reverenziali. I soci fondatori, forti di esperienze pregresse in altre organizzazioni sindacali, hanno voluto creare uno spazio dove i lavoratori potessero far sentire la propria &#8230; <a title=\"Home\" class=\"read-more\" href=\"https:\/\/www.associazioneliberaassociates.it\/\" aria-label=\"Per saperne di pi\u00f9 su Home\">Leggi tutto<\/a><\/p>\n","protected":false},"author":1,"featured_media":272,"parent":0,"menu_order":0,"comment_status":"closed","ping_status":"closed","template":"","meta":{"footnotes":""},"class_list":["post-2","page","type-page","status-publish","has-post-thumbnail"],"yoast_head":"<!-- This site is optimized with the Yoast SEO plugin v27.4 - https:\/\/yoast.com\/product\/yoast-seo-wordpress\/ -->\r\n<title>A.L.A. - Il cuore dei lavoratori Amazon parte dal Piemonte<\/title>\r\n<meta name=\"description\" content=\"A.L.A. - L&#039;Associazione nasce dalla volont\u00e0 dei lavoratori di Amazon in Piemonte, liberi e senza timori reverenziali.\" \/>\r\n<meta name=\"robots\" content=\"index, follow, max-snippet:-1, max-image-preview:large, max-video-preview:-1\" \/>\r\n<link rel=\"canonical\" href=\"https:\/\/www.associazioneliberaassociates.it\/\" \/>\r\n<meta property=\"og:locale\" content=\"it_IT\" \/>\r\n<meta property=\"og:type\" content=\"article\" \/>\r\n<meta property=\"og:title\" content=\"A.L.A. - Il cuore dei lavoratori Amazon parte dal Piemonte\" \/>\r\n<meta property=\"og:description\" content=\"A.L.A. - L&#039;Associazione nasce dalla volont\u00e0 dei lavoratori di Amazon in Piemonte, liberi e senza timori reverenziali.\" \/>\r\n<meta property=\"og:url\" content=\"https:\/\/www.associazioneliberaassociates.it\/\" \/>\r\n<meta property=\"og:site_name\" content=\"A.L.A.\" \/>\r\n<meta property=\"article:modified_time\" content=\"2025-09-28T07:37:09+00:00\" \/>\r\n<meta property=\"og:image\" content=\"https:\/\/www.associazioneliberaassociates.it\/wp-content\/uploads\/2025\/02\/ALAHome.png\" \/>\r\n\t<meta property=\"og:image:width\" content=\"440\" \/>\r\n\t<meta property=\"og:image:height\" content=\"500\" \/>\r\n\t<meta property=\"og:image:type\" content=\"image\/png\" \/>\r\n<meta name=\"twitter:card\" content=\"summary_large_image\" \/>\r\n<meta name=\"twitter:label1\" content=\"Tempo di lettura stimato\" \/>\n\t<meta name=\"twitter:data1\" content=\"2 minuti\" \/>\r\n<script type=\"application\/ld+json\" class=\"yoast-schema-graph\">{\"@context\":\"https:\\\/\\\/schema.org\",\"@graph\":[{\"@type\":\"WebPage\",\"@id\":\"https:\\\/\\\/www.associazioneliberaassociates.it\\\/\",\"url\":\"https:\\\/\\\/www.associazioneliberaassociates.it\\\/\",\"name\":\"A.L.A. - Il cuore dei lavoratori Amazon parte dal Piemonte\",\"isPartOf\":{\"@id\":\"https:\\\/\\\/www.associazioneliberaassociates.it\\\/#website\"},\"primaryImageOfPage\":{\"@id\":\"https:\\\/\\\/www.associazioneliberaassociates.it\\\/#primaryimage\"},\"image\":{\"@id\":\"https:\\\/\\\/www.associazioneliberaassociates.it\\\/#primaryimage\"},\"thumbnailUrl\":\"https:\\\/\\\/www.associazioneliberaassociates.it\\\/wp-content\\\/uploads\\\/2025\\\/02\\\/ALAHome.png\",\"datePublished\":\"2024-12-19T16:16:08+00:00\",\"dateModified\":\"2025-09-28T07:37:09+00:00\",\"description\":\"A.L.A. - L'Associazione nasce dalla volont\u00e0 dei lavoratori di Amazon in Piemonte, liberi e senza timori reverenziali.\",\"breadcrumb\":{\"@id\":\"https:\\\/\\\/www.associazioneliberaassociates.it\\\/#breadcrumb\"},\"inLanguage\":\"it-IT\",\"potentialAction\":[{\"@type\":\"ReadAction\",\"target\":[\"https:\\\/\\\/www.associazioneliberaassociates.it\\\/\"]}]},{\"@type\":\"ImageObject\",\"inLanguage\":\"it-IT\",\"@id\":\"https:\\\/\\\/www.associazioneliberaassociates.it\\\/#primaryimage\",\"url\":\"https:\\\/\\\/www.associazioneliberaassociates.it\\\/wp-content\\\/uploads\\\/2025\\\/02\\\/ALAHome.png\",\"contentUrl\":\"https:\\\/\\\/www.associazioneliberaassociates.it\\\/wp-content\\\/uploads\\\/2025\\\/02\\\/ALAHome.png\",\"width\":440,\"height\":500,\"caption\":\"A.L.A. Homepage\"},{\"@type\":\"BreadcrumbList\",\"@id\":\"https:\\\/\\\/www.associazioneliberaassociates.it\\\/#breadcrumb\",\"itemListElement\":[{\"@type\":\"ListItem\",\"position\":1,\"name\":\"Home\",\"item\":\"https:\\\/\\\/www.associazioneliberaassociates.it\\\/\"},{\"@type\":\"ListItem\",\"position\":2,\"name\":\"Home\"}]},{\"@type\":\"WebSite\",\"@id\":\"https:\\\/\\\/www.associazioneliberaassociates.it\\\/#website\",\"url\":\"https:\\\/\\\/www.associazioneliberaassociates.it\\\/\",\"name\":\"A.L.A. Associazione Libera Associates\",\"description\":\"Insieme per i diritti dei lavoratori\",\"publisher\":{\"@id\":\"https:\\\/\\\/www.associazioneliberaassociates.it\\\/#organization\"},\"potentialAction\":[{\"@type\":\"SearchAction\",\"target\":{\"@type\":\"EntryPoint\",\"urlTemplate\":\"https:\\\/\\\/www.associazioneliberaassociates.it\\\/?s={search_term_string}\"},\"query-input\":{\"@type\":\"PropertyValueSpecification\",\"valueRequired\":true,\"valueName\":\"search_term_string\"}}],\"inLanguage\":\"it-IT\"},{\"@type\":\"Organization\",\"@id\":\"https:\\\/\\\/www.associazioneliberaassociates.it\\\/#organization\",\"name\":\"A.L.A. Associazione Libera Associates\",\"url\":\"https:\\\/\\\/www.associazioneliberaassociates.it\\\/\",\"logo\":{\"@type\":\"ImageObject\",\"inLanguage\":\"it-IT\",\"@id\":\"https:\\\/\\\/www.associazioneliberaassociates.it\\\/#\\\/schema\\\/logo\\\/image\\\/\",\"url\":\"https:\\\/\\\/www.associazioneliberaassociates.it\\\/wp-content\\\/uploads\\\/2024\\\/12\\\/logo_sito_ala.png\",\"contentUrl\":\"https:\\\/\\\/www.associazioneliberaassociates.it\\\/wp-content\\\/uploads\\\/2024\\\/12\\\/logo_sito_ala.png\",\"width\":689,\"height\":143,\"caption\":\"A.L.A. Associazione Libera Associates\"},\"image\":{\"@id\":\"https:\\\/\\\/www.associazioneliberaassociates.it\\\/#\\\/schema\\\/logo\\\/image\\\/\"},\"sameAs\":[\"https:\\\/\\\/www.youtube.com\\\/@ALA_AssociazioneSindacale\",\"https:\\\/\\\/www.instagram.com\\\/associazioneliberaassociates\\\/\"]}]}<\/script>\r\n<!-- \/ Yoast SEO plugin. -->","yoast_head_json":{"title":"A.L.A. - Il cuore dei lavoratori Amazon parte dal Piemonte","description":"A.L.A. - L'Associazione nasce dalla volont\u00e0 dei lavoratori di Amazon in Piemonte, liberi e senza timori reverenziali.","robots":{"index":"index","follow":"follow","max-snippet":"max-snippet:-1","max-image-preview":"max-image-preview:large","max-video-preview":"max-video-preview:-1"},"canonical":"https:\/\/www.associazioneliberaassociates.it\/","og_locale":"it_IT","og_type":"article","og_title":"A.L.A. - Il cuore dei lavoratori Amazon parte dal Piemonte","og_description":"A.L.A. - L'Associazione nasce dalla volont\u00e0 dei lavoratori di Amazon in Piemonte, liberi e senza timori reverenziali.","og_url":"https:\/\/www.associazioneliberaassociates.it\/","og_site_name":"A.L.A.","article_modified_time":"2025-09-28T07:37:09+00:00","og_image":[{"width":440,"height":500,"url":"https:\/\/www.associazioneliberaassociates.it\/wp-content\/uploads\/2025\/02\/ALAHome.png","type":"image\/png"}],"twitter_card":"summary_large_image","twitter_misc":{"Tempo di lettura stimato":"2 minuti"},"schema":{"@context":"https:\/\/schema.org","@graph":[{"@type":"WebPage","@id":"https:\/\/www.associazioneliberaassociates.it\/","url":"https:\/\/www.associazioneliberaassociates.it\/","name":"A.L.A. - Il cuore dei lavoratori Amazon parte dal Piemonte","isPartOf":{"@id":"https:\/\/www.associazioneliberaassociates.it\/#website"},"primaryImageOfPage":{"@id":"https:\/\/www.associazioneliberaassociates.it\/#primaryimage"},"image":{"@id":"https:\/\/www.associazioneliberaassociates.it\/#primaryimage"},"thumbnailUrl":"https:\/\/www.associazioneliberaassociates.it\/wp-content\/uploads\/2025\/02\/ALAHome.png","datePublished":"2024-12-19T16:16:08+00:00","dateModified":"2025-09-28T07:37:09+00:00","description":"A.L.A. - L'Associazione nasce dalla volont\u00e0 dei lavoratori di Amazon in Piemonte, liberi e senza timori reverenziali.","breadcrumb":{"@id":"https:\/\/www.associazioneliberaassociates.it\/#breadcrumb"},"inLanguage":"it-IT","potentialAction":[{"@type":"ReadAction","target":["https:\/\/www.associazioneliberaassociates.it\/"]}]},{"@type":"ImageObject","inLanguage":"it-IT","@id":"https:\/\/www.associazioneliberaassociates.it\/#primaryimage","url":"https:\/\/www.associazioneliberaassociates.it\/wp-content\/uploads\/2025\/02\/ALAHome.png","contentUrl":"https:\/\/www.associazioneliberaassociates.it\/wp-content\/uploads\/2025\/02\/ALAHome.png","width":440,"height":500,"caption":"A.L.A. Homepage"},{"@type":"BreadcrumbList","@id":"https:\/\/www.associazioneliberaassociates.it\/#breadcrumb","itemListElement":[{"@type":"ListItem","position":1,"name":"Home","item":"https:\/\/www.associazioneliberaassociates.it\/"},{"@type":"ListItem","position":2,"name":"Home"}]},{"@type":"WebSite","@id":"https:\/\/www.associazioneliberaassociates.it\/#website","url":"https:\/\/www.associazioneliberaassociates.it\/","name":"A.L.A. Associazione Libera Associates","description":"Insieme per i diritti dei lavoratori","publisher":{"@id":"https:\/\/www.associazioneliberaassociates.it\/#organization"},"potentialAction":[{"@type":"SearchAction","target":{"@type":"EntryPoint","urlTemplate":"https:\/\/www.associazioneliberaassociates.it\/?s={search_term_string}"},"query-input":{"@type":"PropertyValueSpecification","valueRequired":true,"valueName":"search_term_string"}}],"inLanguage":"it-IT"},{"@type":"Organization","@id":"https:\/\/www.associazioneliberaassociates.it\/#organization","name":"A.L.A. Associazione Libera Associates","url":"https:\/\/www.associazioneliberaassociates.it\/","logo":{"@type":"ImageObject","inLanguage":"it-IT","@id":"https:\/\/www.associazioneliberaassociates.it\/#\/schema\/logo\/image\/","url":"https:\/\/www.associazioneliberaassociates.it\/wp-content\/uploads\/2024\/12\/logo_sito_ala.png","contentUrl":"https:\/\/www.associazioneliberaassociates.it\/wp-content\/uploads\/2024\/12\/logo_sito_ala.png","width":689,"height":143,"caption":"A.L.A. Associazione Libera Associates"},"image":{"@id":"https:\/\/www.associazioneliberaassociates.it\/#\/schema\/logo\/image\/"},"sameAs":["https:\/\/www.youtube.com\/@ALA_AssociazioneSindacale","https:\/\/www.instagram.com\/associazioneliberaassociates\/"]}]}},"_links":{"self":[{"href":"https:\/\/www.associazioneliberaassociates.it\/index.php\/wp-json\/wp\/v2\/pages\/2","targetHints":{"allow":["GET"]}}],"collection":[{"href":"https:\/\/www.associazioneliberaassociates.it\/index.php\/wp-json\/wp\/v2\/pages"}],"about":[{"href":"https:\/\/www.associazioneliberaassociates.it\/index.php\/wp-json\/wp\/v2\/types\/page"}],"author":[{"embeddable":true,"href":"https:\/\/www.associazioneliberaassociates.it\/index.php\/wp-json\/wp\/v2\/users\/1"}],"replies":[{"embeddable":true,"href":"https:\/\/www.associazioneliberaassociates.it\/index.php\/wp-json\/wp\/v2\/comments?post=2"}],"version-history":[{"count":48,"href":"https:\/\/www.associazioneliberaassociates.it\/index.php\/wp-json\/wp\/v2\/pages\/2\/revisions"}],"predecessor-version":[{"id":626,"href":"https:\/\/www.associazioneliberaassociates.it\/index.php\/wp-json\/wp\/v2\/pages\/2\/revisions\/626"}],"wp:featuredmedia":[{"embeddable":true,"href":"https:\/\/www.associazioneliberaassociates.it\/index.php\/wp-json\/wp\/v2\/media\/272"}],"wp:attachment":[{"href":"https:\/\/www.associazioneliberaassociates.it\/index.php\/wp-json\/wp\/v2\/media?parent=2"}],"curies":[{"name":"wp","href":"https:\/\/api.w.org\/{rel}","templated":true}]}}